{"id":18937,"date":"2025-12-11T13:58:51","date_gmt":"2025-12-11T13:58:51","guid":{"rendered":"https:\/\/city.maxim-design.de\/?page_id=18937"},"modified":"2026-02-17T09:11:26","modified_gmt":"2026-02-17T09:11:26","slug":"impressum","status":"publish","type":"page","link":"https:\/\/citykontaktimmobilien.de\/?page_id=18937","title":{"rendered":"Impressum"},"content":{"rendered":"\t\t<div data-elementor-type=\"wp-page\" data-elementor-id=\"18937\" class=\"elementor elementor-18937\" data-elementor-post-type=\"page\">\n\t\t\t\t<div class=\"elementor-element elementor-element-20bf3b31 e-flex e-con-boxed e-con e-parent\" data-id=\"20bf3b31\" data-element_type=\"container\" data-e-type=\"container\">\n\t\t\t\t\t<div class=\"e-con-inner\">\n\t\t\t\t<div class=\"elementor-element elementor-element-444df153 elementor-widget elementor-widget-text-editor\" data-id=\"444df153\" data-element_type=\"widget\" data-e-type=\"widget\" data-widget_type=\"text-editor.default\">\n\t\t\t\t\t\t\t\t\t<p data-start=\"15\" data-end=\"178\"><strong data-start=\"15\" data-end=\"56\"><span><span>City Kontakt Immobilien e.K.<\/span><\/span><\/strong><br data-start=\"56\" data-end=\"59\">Inhaber: Dipl. Math. S\u00fcleyman Kacar<\/p><p data-start=\"15\" data-end=\"178\">Von-Esmarch-Str. 28a<br data-start=\"118\" data-end=\"121\">48149 <span><span>M\u00fcnster<\/span><\/span><br data-start=\"164\" data-end=\"167\">Deutschland<\/p>\n<p data-start=\"180\" data-end=\"243\">Telefon: +49 251 4902686<br data-start=\"204\" data-end=\"207\">E-Mail: <a rel=\"noopener\" data-start=\"215\" data-end=\"243\">cki@citykontaktimmobilien.de<\/a><\/p>\n<p data-start=\"245\" data-end=\"349\"><strong data-start=\"245\" data-end=\"264\">Registereintrag<\/strong><br data-start=\"264\" data-end=\"267\">Registergericht: <span><span>Amtsgericht M\u00fcnster<\/span><\/span><br data-start=\"321\" data-end=\"324\">Handelsregister: HRA 7464<\/p>\n<p data-start=\"351\" data-end=\"422\"><strong data-start=\"424\" data-end=\"440\">Steuernummer<\/strong><\/p>\n<p data-start=\"351\" data-end=\"422\">336 5099 0038 (Finanzamt M\u00fcnster-Au\u00dfenstadt)<\/p>\n<p data-start=\"489\" data-end=\"790\"><strong data-start=\"489\" data-end=\"543\">Erlaubnis und Aufsicht (Immobilienmaklert\u00e4tigkeit)<\/strong><br data-start=\"543\" data-end=\"546\">Erlaubnis gem\u00e4\u00df \u00a7 34c Gewerbeordnung erteilt.<br data-start=\"591\" data-end=\"594\">Zust\u00e4ndige Aufsichtsbeh\u00f6rde: <span><span>Stadt M\u00fcnster, Amt f\u00fcr \u00f6ffentliche Ordnung<\/span><\/span>, Klemensstra\u00dfe 10, 48143 M\u00fcnster.<br data-start=\"694\" data-end=\"697\">Zust\u00e4ndige Kammer: <span><span>IHK Nord Westfalen<\/span><\/span>, Sentmaringer Weg 61, 48151 M\u00fcnster.<\/p>\n<p data-start=\"792\" data-end=\"953\"><strong data-start=\"792\" data-end=\"822\">Verbraucherstreitbeilegung<\/strong><br data-start=\"822\" data-end=\"825\">Wir sind nicht bereit und nicht verpflichtet, an Streitbeilegungsverfahren vor einer Verbraucherschlichtungsstelle teilzunehmen.<\/p>\n<p data-start=\"955\" data-end=\"1025\"><strong data-start=\"955\" data-end=\"983\">Konzept und Realisierung<\/strong><br data-start=\"983\" data-end=\"986\">MAXIM-DESIGN Werbe- und Internetagentur<\/p>\n<hr data-start=\"1027\" data-end=\"1030\">\n<h3 data-start=\"1032\" data-end=\"1055\">&nbsp;<\/h3>\n<h3 data-start=\"1032\" data-end=\"1055\">Haftung f\u00fcr Inhalte<\/h3>\n<p data-start=\"1056\" data-end=\"1381\">Die Inhalte dieser Website wurden mit gr\u00f6\u00dfter Sorgfalt erstellt. F\u00fcr Richtigkeit, Vollst\u00e4ndigkeit und Aktualit\u00e4t \u00fcbernehmen wir keine Gew\u00e4hr. Als Diensteanbieter sind wir nach den allgemeinen Gesetzen f\u00fcr eigene Inhalte verantwortlich. Bei Bekanntwerden konkreter Rechtsverletzungen entfernen wir betroffene Inhalte umgehend.<\/p>\n<h3 data-start=\"1383\" data-end=\"1404\">Haftung f\u00fcr Links<\/h3>\n<p data-start=\"1405\" data-end=\"1733\">Diese Website enth\u00e4lt Links zu externen Websites Dritter. Auf deren Inhalte haben wir keinen Einfluss, deshalb \u00fcbernehmen wir daf\u00fcr keine Gew\u00e4hr. F\u00fcr die Inhalte der verlinkten Seiten ist stets der jeweilige Anbieter oder Betreiber verantwortlich. Bei Bekanntwerden von Rechtsverletzungen entfernen wir derartige Links umgehend.<\/p>\n<h3 data-start=\"1735\" data-end=\"1751\">Urheberrecht<\/h3>\n<p data-start=\"1752\" data-end=\"2201\">Die durch die Seitenbetreiber erstellten Inhalte und Werke auf dieser Website unterliegen dem deutschen Urheberrecht. Beitr\u00e4ge Dritter sind als solche gekennzeichnet. Vervielf\u00e4ltigung, Bearbeitung, Verbreitung und jede Art der Verwertung au\u00dferhalb der Grenzen des Urheberrechts bed\u00fcrfen der schriftlichen Zustimmung des jeweiligen Rechteinhabers. Downloads und Kopien dieser Website sind nur f\u00fcr den privaten, nicht kommerziellen Gebrauch gestattet.<\/p>\n<p><!-- \/wp:paragraph --><\/p>\t\t\t\t\t\t\t\t<\/div>\n\t\t\t\t\t<\/div>\n\t\t\t\t<\/div>\n\t\t\t\t<\/div>\n\t\t","protected":false},"excerpt":{"rendered":"<p>City Kontakt Immobilien e.K.Inhaber: Dipl. Math. S\u00fcleyman Kacar Von-Esmarch-Str. 28a48149 M\u00fcnsterDeutschland Telefon: +49 251 4902686E-Mail: cki@citykontaktimmobilien.de RegistereintragRegistergericht: Amtsgericht M\u00fcnsterHandelsregister: HRA 7464 Steuernummer 336 5099 0038 (Finanzamt M\u00fcnster-Au\u00dfenstadt) Erlaubnis und Aufsicht (Immobilienmaklert\u00e4tigkeit)Erlaubnis gem\u00e4\u00df \u00a7 34c Gewerbeordnung erteilt.Zust\u00e4ndige Aufsichtsbeh\u00f6rde: Stadt M\u00fcnster, Amt f\u00fcr \u00f6ffentliche Ordnung, Klemensstra\u00dfe 10, 48143 M\u00fcnster.Zust\u00e4ndige Kammer: IHK Nord Westfalen, Sentmaringer Weg 61, 48151 [&hellip;]<\/p>\n","protected":false},"author":1,"featured_media":0,"parent":0,"menu_order":0,"comment_status":"closed","ping_status":"closed","template":"elementor_header_footer","meta":{"footnotes":""},"class_list":["post-18937","page","type-page","status-publish","hentry"],"_links":{"self":[{"href":"https:\/\/citykontaktimmobilien.de\/index.php?rest_route=\/wp\/v2\/pages\/18937","targetHints":{"allow":["GET"]}}],"collection":[{"href":"https:\/\/citykontaktimmobilien.de\/index.php?rest_route=\/wp\/v2\/pages"}],"about":[{"href":"https:\/\/citykontaktimmobilien.de\/index.php?rest_route=\/wp\/v2\/types\/page"}],"author":[{"embeddable":true,"href":"https:\/\/citykontaktimmobilien.de\/index.php?rest_route=\/wp\/v2\/users\/1"}],"replies":[{"embeddable":true,"href":"https:\/\/citykontaktimmobilien.de\/index.php?rest_route=%2Fwp%2Fv2%2Fcomments&post=18937"}],"version-history":[{"count":13,"href":"https:\/\/citykontaktimmobilien.de\/index.php?rest_route=\/wp\/v2\/pages\/18937\/revisions"}],"predecessor-version":[{"id":20054,"href":"https:\/\/citykontaktimmobilien.de\/index.php?rest_route=\/wp\/v2\/pages\/18937\/revisions\/20054"}],"wp:attachment":[{"href":"https:\/\/citykontaktimmobilien.de\/index.php?rest_route=%2Fwp%2Fv2%2Fmedia&parent=18937"}],"curies":[{"name":"wp","href":"https:\/\/api.w.org\/{rel}","templated":true}]}}